{"id":2194,"date":"2021-07-15T13:23:31","date_gmt":"2021-07-15T11:23:31","guid":{"rendered":"https:\/\/www.wconnecta.com\/fr\/?page_id=2194"},"modified":"2023-10-05T17:19:46","modified_gmt":"2023-10-05T15:19:46","slug":"hebergement","status":"publish","type":"page","link":"https:\/\/www.wconnecta.com\/fr\/hebergement\/","title":{"rendered":"Logement et d\u00eener"},"content":{"rendered":"<\/div><\/div><\/div><!-- close content main div --><\/div><\/div><div id='av_section_1'  class='avia-section av-jth621j3-f6811d3ae9ca22da3eb6a36eb734a2d0 main_color avia-section-no-padding avia-no-border-styling avia-bg-style-scroll container_wrap sidebar_right'  ><div class='container av-section-cont-open' ><div class='template-page content  av-content-small alpha units'><div class='post-entry post-entry-type-page post-entry-2194'><div class='entry-content-wrapper clearfix'>\n\n<style type=\"text\/css\" data-created_by=\"avia_inline_auto\" id=\"style-css-av-jthaqtc0-ab1c17bb9ac64d3fc68b18698c6f8c95\">\n#top .hr.hr-invisible.av-jthaqtc0-ab1c17bb9ac64d3fc68b18698c6f8c95{\nheight:100px;\n}\n<\/style>\n<div  class='hr av-jthaqtc0-ab1c17bb9ac64d3fc68b18698c6f8c95 hr-invisible'><span class='hr-inner '><span class=\"hr-inner-style\"><\/span><\/span><\/div>\n\n<style type=\"text\/css\" data-created_by=\"avia_inline_auto\" id=\"style-css-av-jtirjewa-360561e653b9e6c2cb0a368b30221d4d\">\n.flex_column.av-jtirjewa-360561e653b9e6c2cb0a368b30221d4d{\nborder-radius:0px 0px 0px 0px;\npadding:0 0 0 0;\n}\n<\/style>\n<div  class='flex_column av-jtirjewa-360561e653b9e6c2cb0a368b30221d4d av_one_full  avia-builder-el-0  el_before_av_one_fourth  avia-builder-el-first  first flex_column_div av-zero-column-padding  '     ><style type=\"text\/css\" data-created_by=\"avia_inline_auto\" id=\"style-css-av-jth6a3du-b0129922649620d7fb54c6771f4c6d55\">\n#top .av_textblock_section.av-jth6a3du-b0129922649620d7fb54c6771f4c6d55 .avia_textblock{\nfont-size:15px;\n}\n<\/style>\n<section  class='av_textblock_section av-jth6a3du-b0129922649620d7fb54c6771f4c6d55 '   itemscope=\"itemscope\" itemtype=\"https:\/\/schema.org\/CreativeWork\" ><div class='avia_textblock av_inherit_color'  itemprop=\"text\" ><p style=\"text-align: center\"><span style=\"font-size: 50px\">LOGEMENT<\/span><\/p>\n<\/div><\/section><\/div>\n<style type=\"text\/css\" data-created_by=\"avia_inline_auto\" id=\"style-css-av-jthaqtc0-059b8e282521650a56fd3136c698b942\">\n#top .hr.hr-invisible.av-jthaqtc0-059b8e282521650a56fd3136c698b942{\nheight:20px;\n}\n<\/style>\n<div  class='hr av-jthaqtc0-059b8e282521650a56fd3136c698b942 hr-invisible  avia-builder-el-1  el_before_av_hr  avia-builder-el-first '><span class='hr-inner '><span class=\"hr-inner-style\"><\/span><\/span><\/div>\n<\/div><\/div><\/div><!-- close content main div --><\/div><\/div><div id='after_section_1'  class='main_color av_default_container_wrap container_wrap sidebar_right'  ><div class='container av-section-cont-open' ><div class='template-page content  av-content-small alpha units'><div class='post-entry post-entry-type-page post-entry-2194'><div class='entry-content-wrapper clearfix'>\n<style type=\"text\/css\" data-created_by=\"avia_inline_auto\" id=\"style-css-av-2cm5i-5700b0dcdde9d605009665755c3fa9ad\">\n.flex_column.av-2cm5i-5700b0dcdde9d605009665755c3fa9ad{\nborder-radius:0px 0px 0px 0px;\npadding:0px 0px 0px 0px;\n}\n<\/style>\n<div  class='flex_column av-2cm5i-5700b0dcdde9d605009665755c3fa9ad av_one_full first flex_column_div av-zero-column-padding  '     ><p>\n<style type=\"text\/css\" data-created_by=\"avia_inline_auto\" id=\"style-css-av-jth6a3du-b0129922649620d7fb54c6771f4c6d55\">\n#top .av_textblock_section.av-jth6a3du-b0129922649620d7fb54c6771f4c6d55 .avia_textblock{\nfont-size:15px;\n}\n<\/style>\n<section  class='av_textblock_section av-jth6a3du-b0129922649620d7fb54c6771f4c6d55 '   itemscope=\"itemscope\" itemtype=\"https:\/\/schema.org\/CreativeWork\" ><div class='avia_textblock av_inherit_color'  itemprop=\"text\" ><p><strong>Nous souhaitons votre confort.<\/strong><br \/>\nSi vous venez chez WConnecta, vous serez log\u00e9 au m\u00eame h\u00f4tel que l\u2019\u00e9v\u00e8nement.<\/p>\n<\/div><\/section><br \/>\n\n<style type=\"text\/css\" data-created_by=\"avia_inline_auto\" id=\"style-css-av-av_heading-5bd37dfd9c7cfdde8837c85909f03091\">\n#top .av-special-heading.av-av_heading-5bd37dfd9c7cfdde8837c85909f03091{\npadding-bottom:10px;\n}\nbody .av-special-heading.av-av_heading-5bd37dfd9c7cfdde8837c85909f03091 .av-special-heading-tag .heading-char{\nfont-size:25px;\n}\n.av-special-heading.av-av_heading-5bd37dfd9c7cfdde8837c85909f03091 .av-subheading{\nfont-size:15px;\n}\n<\/style>\n<div  class='av-special-heading av-av_heading-5bd37dfd9c7cfdde8837c85909f03091 av-special-heading-h3 blockquote modern-quote modern-centered'><h3 class='av-special-heading-tag '  itemprop=\"headline\"  >Hotel Hyatt Regency Tower Barcelona<span style=\"color:#ff0054\">\u2581<\/span><\/h3><div class=\"special-heading-border\"><div class=\"special-heading-inner-border\"><\/div><\/div><\/div><br \/>\n\n<style type=\"text\/css\" data-created_by=\"avia_inline_auto\" id=\"style-css-av-jth6a3du-0caf9646372872cf02528a8e425f5e47\">\n#top .av_textblock_section.av-jth6a3du-0caf9646372872cf02528a8e425f5e47 .avia_textblock{\nfont-size:18px;\n}\n<\/style>\n<section  class='av_textblock_section av-jth6a3du-0caf9646372872cf02528a8e425f5e47 '   itemscope=\"itemscope\" itemtype=\"https:\/\/schema.org\/CreativeWork\" ><div class='avia_textblock av_inherit_color'  itemprop=\"text\" ><p>La tour Hyatt Regency Barcelona est l&#8217;un des b\u00e2timents les plus embl\u00e9matiques de la ville, avec 29 \u00e9tages et 105 m\u00e8tres de haut, con\u00e7u par le prestigieux architecte britannique Richard Rogers. Couronn\u00e9 par un impressionnant d\u00f4me en verre qui offre une vue unique \u00e0 360 degr\u00e9s sur la ville, il est l&#8217;une des ic\u00f4nes de l&#8217;horizon de Barcelone. Sa silhouette futuriste, ainsi que son emplacement privil\u00e9gi\u00e9 sur Gran V\u00eda, en font le premier gratte-ciel visible depuis l&#8217;a\u00e9roport, situ\u00e9 \u00e0 moins de 10 minutes. Il b\u00e9n\u00e9ficie \u00e9galement d&#8217;un emplacement strat\u00e9gique permettant un acc\u00e8s facile au centre de Barcelone, \u00e0 15 minutes de la gare de Sants, ce qui en fait un h\u00e9bergement id\u00e9al pour les voyageurs d&#8217;affaires et de loisirs.<\/p>\n<p>Vous avez le choix entre :<\/p>\n<ul>\n<li>Prix d&#8217;une chambre double \u00e0 usage individuel, logement et petit-d\u00e9jeuner buffet (185\u20ac\/nuit)<\/li>\n<li>Prix d&#8217;une chambre double, logement et petit-d\u00e9jeuner buffet (200\u20ac\/nuit)<\/li>\n<\/ul>\n<\/div><\/section><\/p><\/div>\n<style type=\"text\/css\" data-created_by=\"avia_inline_auto\" id=\"style-css-av-4vonj7-6af91dfce9d6cf7983ca382934bbc2a5\">\n.flex_column.av-4vonj7-6af91dfce9d6cf7983ca382934bbc2a5{\nborder-radius:0px 0px 0px 0px;\npadding:0px 0px 0px 0px;\n}\n<\/style>\n<div  class='flex_column av-4vonj7-6af91dfce9d6cf7983ca382934bbc2a5 av_one_half first flex_column_div av-zero-column-padding  '     ><style type=\"text\/css\" data-created_by=\"avia_inline_auto\" id=\"style-css-av-l3vhb4yn-86c79b8b7a9460dcfe701eb268d07608\">\n.avia-image-container.av-l3vhb4yn-86c79b8b7a9460dcfe701eb268d07608 img.avia_image{\nbox-shadow:none;\n}\n.avia-image-container.av-l3vhb4yn-86c79b8b7a9460dcfe701eb268d07608 .av-image-caption-overlay-center{\ncolor:#ffffff;\n}\n<\/style>\n<div  class='avia-image-container av-l3vhb4yn-86c79b8b7a9460dcfe701eb268d07608 av-styling- avia-align-center'   itemprop=\"image\" itemscope=\"itemscope\" itemtype=\"https:\/\/schema.org\/ImageObject\" ><div class=\"avia-image-container-inner\"><div class=\"avia-image-overlay-wrap\"><img decoding=\"async\" fetchpriority=\"high\" class='wp-image- avia-img-lazy-loading-not- avia_image ' src=\"https:\/\/www.wconnecta.com\/es\/wp-content\/uploads\/sites\/2\/2022\/06\/alojamiento-mapa.png\" alt='' title=''   itemprop=\"thumbnailUrl\"  \/><\/div><\/div><\/div><\/div><\/p>\n\n<style type=\"text\/css\" data-created_by=\"avia_inline_auto\" id=\"style-css-av-240h5f-efe2d69f2cada8249a19b7cebf142a67\">\n.flex_column.av-240h5f-efe2d69f2cada8249a19b7cebf142a67{\nborder-radius:0px 0px 0px 0px;\npadding:0px 0px 0px 0px;\n}\n<\/style>\n<div  class='flex_column av-240h5f-efe2d69f2cada8249a19b7cebf142a67 av_one_half flex_column_div av-zero-column-padding  '     ><style type=\"text\/css\" data-created_by=\"avia_inline_auto\" id=\"style-css-av-jth6a3du-0caf9646372872cf02528a8e425f5e47\">\n#top .av_textblock_section.av-jth6a3du-0caf9646372872cf02528a8e425f5e47 .avia_textblock{\nfont-size:18px;\n}\n<\/style>\n<section  class='av_textblock_section av-jth6a3du-0caf9646372872cf02528a8e425f5e47 '   itemscope=\"itemscope\" itemtype=\"https:\/\/schema.org\/CreativeWork\" ><div class='avia_textblock av_inherit_color'  itemprop=\"text\" ><ul>\n<li><b>A\u00e9roport Barcelone El Prat<\/b><br \/>\n8 km \/ 3.7 miles<\/li>\n<li><b>Centre de Barcelone<\/b><br \/>\n7 km \/ 4.3 miles<\/li>\n<li><b>Station de train Barcelone-Sants<\/b><br \/>\n4.5 km \/ 2.8 miles<\/li>\n<li><b>Fira Montjuic<\/b><br \/>\n2.2 km \/ 1.2 miles<\/li>\n<\/ul>\n<\/div><\/section><\/div>\n<style type=\"text\/css\" data-created_by=\"avia_inline_auto\" id=\"style-css-av-4vonj7-6af91dfce9d6cf7983ca382934bbc2a5\">\n.flex_column.av-4vonj7-6af91dfce9d6cf7983ca382934bbc2a5{\nborder-radius:0px 0px 0px 0px;\npadding:0px 0px 0px 0px;\n}\n<\/style>\n<div  class='flex_column av-4vonj7-6af91dfce9d6cf7983ca382934bbc2a5 av_two_third first flex_column_div av-zero-column-padding  '     ><style type=\"text\/css\" data-created_by=\"avia_inline_auto\" id=\"style-css-av-jth6a3du-0caf9646372872cf02528a8e425f5e47\">\n#top .av_textblock_section.av-jth6a3du-0caf9646372872cf02528a8e425f5e47 .avia_textblock{\nfont-size:18px;\n}\n<\/style>\n<section  class='av_textblock_section av-jth6a3du-0caf9646372872cf02528a8e425f5e47 '   itemscope=\"itemscope\" itemtype=\"https:\/\/schema.org\/CreativeWork\" ><div class='avia_textblock av_inherit_color'  itemprop=\"text\" ><p><strong>WCONNECTA NIGHT<\/strong><\/p>\n<p>Commencez \u00e0 effectuer du networking avant<\/p>\n<p>WConnecta commence le jeudi soir, au restaurant Azimut du m\u00eame h\u00f4tel, o\u00f9 vous aurez l&#8217;occasion de d\u00eener avec les autres participants et de cr\u00e9er de nouveaux partenariats dans une atmosph\u00e8re sp\u00e9ciale.<\/p>\n<p>Prix du d\u00eener WConnecta : TBD<\/p>\n<\/div><\/section><\/div><\/p>\n","protected":false},"excerpt":{"rendered":"","protected":false},"author":1,"featured_media":0,"parent":0,"menu_order":0,"comment_status":"closed","ping_status":"closed","template":"","meta":{"footnotes":""},"class_list":["post-2194","page","type-page","status-publish","hentry"],"yoast_head":"<!-- This site is optimized with the Yoast SEO plugin v27.2 - https:\/\/yoast.com\/product\/yoast-seo-wordpress\/ -->\n<title>Logement et d\u00eener - WConnecta FR<\/title>\n<meta name=\"robots\" content=\"index, follow, max-snippet:-1, max-image-preview:large, max-video-preview:-1\" \/>\n<link rel=\"canonical\" href=\"https:\/\/www.wconnecta.com\/fr\/hebergement\/\" \/>\n<meta property=\"og:locale\" content=\"es_ES\" \/>\n<meta property=\"og:type\" content=\"article\" \/>\n<meta property=\"og:title\" content=\"Logement et d\u00eener - WConnecta FR\" \/>\n<meta property=\"og:url\" content=\"https:\/\/www.wconnecta.com\/fr\/hebergement\/\" \/>\n<meta property=\"og:site_name\" content=\"WConnecta FR\" \/>\n<meta property=\"article:modified_time\" content=\"2023-10-05T15:19:46+00:00\" \/>\n<meta name=\"twitter:card\" content=\"summary_large_image\" \/>\n<meta name=\"twitter:label1\" content=\"Tiempo de lectura\" \/>\n\t<meta name=\"twitter:data1\" content=\"6 minutos\" \/>\n<script type=\"application\/ld+json\" class=\"yoast-schema-graph\">{\"@context\":\"https:\/\/schema.org\",\"@graph\":[{\"@type\":\"WebPage\",\"@id\":\"https:\/\/www.wconnecta.com\/fr\/hebergement\/\",\"url\":\"https:\/\/www.wconnecta.com\/fr\/hebergement\/\",\"name\":\"Logement et d\u00eener - WConnecta FR\",\"isPartOf\":{\"@id\":\"https:\/\/www.wconnecta.com\/fr\/#website\"},\"datePublished\":\"2021-07-15T11:23:31+00:00\",\"dateModified\":\"2023-10-05T15:19:46+00:00\",\"breadcrumb\":{\"@id\":\"https:\/\/www.wconnecta.com\/fr\/hebergement\/#breadcrumb\"},\"inLanguage\":\"es\",\"potentialAction\":[{\"@type\":\"ReadAction\",\"target\":[\"https:\/\/www.wconnecta.com\/fr\/hebergement\/\"]}]},{\"@type\":\"BreadcrumbList\",\"@id\":\"https:\/\/www.wconnecta.com\/fr\/hebergement\/#breadcrumb\",\"itemListElement\":[{\"@type\":\"ListItem\",\"position\":1,\"name\":\"Portada\",\"item\":\"https:\/\/www.wconnecta.com\/fr\/home\/\"},{\"@type\":\"ListItem\",\"position\":2,\"name\":\"Logement et d\u00eener\"}]},{\"@type\":\"WebSite\",\"@id\":\"https:\/\/www.wconnecta.com\/fr\/#website\",\"url\":\"https:\/\/www.wconnecta.com\/fr\/\",\"name\":\"WConnecta FR\",\"description\":\"Otro sitio m\u00e1s de WConnecta SITES\",\"potentialAction\":[{\"@type\":\"SearchAction\",\"target\":{\"@type\":\"EntryPoint\",\"urlTemplate\":\"https:\/\/www.wconnecta.com\/fr\/?s={search_term_string}\"},\"query-input\":{\"@type\":\"PropertyValueSpecification\",\"valueRequired\":true,\"valueName\":\"search_term_string\"}}],\"inLanguage\":\"es\"}]}<\/script>\n<!-- \/ Yoast SEO plugin. -->","yoast_head_json":{"title":"Logement et d\u00eener - WConnecta FR","robots":{"index":"index","follow":"follow","max-snippet":"max-snippet:-1","max-image-preview":"max-image-preview:large","max-video-preview":"max-video-preview:-1"},"canonical":"https:\/\/www.wconnecta.com\/fr\/hebergement\/","og_locale":"es_ES","og_type":"article","og_title":"Logement et d\u00eener - WConnecta FR","og_url":"https:\/\/www.wconnecta.com\/fr\/hebergement\/","og_site_name":"WConnecta FR","article_modified_time":"2023-10-05T15:19:46+00:00","twitter_card":"summary_large_image","twitter_misc":{"Tiempo de lectura":"6 minutos"},"schema":{"@context":"https:\/\/schema.org","@graph":[{"@type":"WebPage","@id":"https:\/\/www.wconnecta.com\/fr\/hebergement\/","url":"https:\/\/www.wconnecta.com\/fr\/hebergement\/","name":"Logement et d\u00eener - WConnecta FR","isPartOf":{"@id":"https:\/\/www.wconnecta.com\/fr\/#website"},"datePublished":"2021-07-15T11:23:31+00:00","dateModified":"2023-10-05T15:19:46+00:00","breadcrumb":{"@id":"https:\/\/www.wconnecta.com\/fr\/hebergement\/#breadcrumb"},"inLanguage":"es","potentialAction":[{"@type":"ReadAction","target":["https:\/\/www.wconnecta.com\/fr\/hebergement\/"]}]},{"@type":"BreadcrumbList","@id":"https:\/\/www.wconnecta.com\/fr\/hebergement\/#breadcrumb","itemListElement":[{"@type":"ListItem","position":1,"name":"Portada","item":"https:\/\/www.wconnecta.com\/fr\/home\/"},{"@type":"ListItem","position":2,"name":"Logement et d\u00eener"}]},{"@type":"WebSite","@id":"https:\/\/www.wconnecta.com\/fr\/#website","url":"https:\/\/www.wconnecta.com\/fr\/","name":"WConnecta FR","description":"Otro sitio m\u00e1s de WConnecta SITES","potentialAction":[{"@type":"SearchAction","target":{"@type":"EntryPoint","urlTemplate":"https:\/\/www.wconnecta.com\/fr\/?s={search_term_string}"},"query-input":{"@type":"PropertyValueSpecification","valueRequired":true,"valueName":"search_term_string"}}],"inLanguage":"es"}]}},"_links":{"self":[{"href":"https:\/\/www.wconnecta.com\/fr\/wp-json\/wp\/v2\/pages\/2194","targetHints":{"allow":["GET"]}}],"collection":[{"href":"https:\/\/www.wconnecta.com\/fr\/wp-json\/wp\/v2\/pages"}],"about":[{"href":"https:\/\/www.wconnecta.com\/fr\/wp-json\/wp\/v2\/types\/page"}],"author":[{"embeddable":true,"href":"https:\/\/www.wconnecta.com\/fr\/wp-json\/wp\/v2\/users\/1"}],"replies":[{"embeddable":true,"href":"https:\/\/www.wconnecta.com\/fr\/wp-json\/wp\/v2\/comments?post=2194"}],"version-history":[{"count":6,"href":"https:\/\/www.wconnecta.com\/fr\/wp-json\/wp\/v2\/pages\/2194\/revisions"}],"predecessor-version":[{"id":2349,"href":"https:\/\/www.wconnecta.com\/fr\/wp-json\/wp\/v2\/pages\/2194\/revisions\/2349"}],"wp:attachment":[{"href":"https:\/\/www.wconnecta.com\/fr\/wp-json\/wp\/v2\/media?parent=2194"}],"curies":[{"name":"wp","href":"https:\/\/api.w.org\/{rel}","templated":true}]}}