{"id":2053,"date":"2021-06-03T00:02:48","date_gmt":"2021-06-02T22:02:48","guid":{"rendered":"https:\/\/www.wconnecta.com\/fr\/?page_id=2053"},"modified":"2021-07-09T12:27:59","modified_gmt":"2021-07-09T10:27:59","slug":"covi-safe","status":"publish","type":"page","link":"https:\/\/www.wconnecta.com\/fr\/covi-safe\/","title":{"rendered":"COVID Safe"},"content":{"rendered":"\n<style type=\"text\/css\" data-created_by=\"avia_inline_auto\" id=\"style-css-av-2n2r6d-b171957b559abedf09cff803200ced99\">\n.flex_column.av-2n2r6d-b171957b559abedf09cff803200ced99{\nborder-radius:0px 0px 0px 0px;\npadding:0px 0px 0px 0px;\n}\n<\/style>\n<div  class='flex_column av-2n2r6d-b171957b559abedf09cff803200ced99 av_one_full  avia-builder-el-0  avia-builder-el-no-sibling  first flex_column_div av-zero-column-padding  '     ><p>\n<style type=\"text\/css\" data-created_by=\"avia_inline_auto\" id=\"style-css-av-kpg0mnw2-cba528098a0212432bec23440cd329c2\">\n.avia-image-container.av-kpg0mnw2-cba528098a0212432bec23440cd329c2 img.avia_image{\nbox-shadow:none;\n}\n.avia-image-container.av-kpg0mnw2-cba528098a0212432bec23440cd329c2 .av-image-caption-overlay-center{\ncolor:#ffffff;\n}\n<\/style>\n<div  class='avia-image-container av-kpg0mnw2-cba528098a0212432bec23440cd329c2 av-styling- avia-align-center  avia-builder-el-1  el_before_av_textblock  avia-builder-el-first '   itemprop=\"image\" itemscope=\"itemscope\" itemtype=\"https:\/\/schema.org\/ImageObject\" ><div class=\"avia-image-container-inner\"><div class=\"avia-image-overlay-wrap\"><img decoding=\"async\" fetchpriority=\"high\" class='wp-image-2054 avia-img-lazy-loading-not-2054 avia_image ' src=\"https:\/\/www.wconnecta.com\/fr\/wp-content\/uploads\/sites\/4\/2021\/06\/CovidSafe_INCENTIVESEVENTS_white8x8-300x300.jpg\" alt='' title='CovidSafe_INCENTIVES&amp;EVENTS_white8x8'  height=\"300\" width=\"300\"  itemprop=\"thumbnailUrl\" srcset=\"https:\/\/www.wconnecta.com\/fr\/wp-content\/uploads\/sites\/4\/2021\/06\/CovidSafe_INCENTIVESEVENTS_white8x8-300x300.jpg 300w, https:\/\/www.wconnecta.com\/fr\/wp-content\/uploads\/sites\/4\/2021\/06\/CovidSafe_INCENTIVESEVENTS_white8x8-80x80.jpg 80w, https:\/\/www.wconnecta.com\/fr\/wp-content\/uploads\/sites\/4\/2021\/06\/CovidSafe_INCENTIVESEVENTS_white8x8-768x768.jpg 768w, https:\/\/www.wconnecta.com\/fr\/wp-content\/uploads\/sites\/4\/2021\/06\/CovidSafe_INCENTIVESEVENTS_white8x8-36x36.jpg 36w, https:\/\/www.wconnecta.com\/fr\/wp-content\/uploads\/sites\/4\/2021\/06\/CovidSafe_INCENTIVESEVENTS_white8x8-180x180.jpg 180w, https:\/\/www.wconnecta.com\/fr\/wp-content\/uploads\/sites\/4\/2021\/06\/CovidSafe_INCENTIVESEVENTS_white8x8-705x705.jpg 705w, https:\/\/www.wconnecta.com\/fr\/wp-content\/uploads\/sites\/4\/2021\/06\/CovidSafe_INCENTIVESEVENTS_white8x8-120x120.jpg 120w, https:\/\/www.wconnecta.com\/fr\/wp-content\/uploads\/sites\/4\/2021\/06\/CovidSafe_INCENTIVESEVENTS_white8x8-450x450.jpg 450w, https:\/\/www.wconnecta.com\/fr\/wp-content\/uploads\/sites\/4\/2021\/06\/CovidSafe_INCENTIVESEVENTS_white8x8.jpg 945w\" sizes=\"(max-width: 300px) 100vw, 300px\" \/><\/div><\/div><\/div><br \/>\n<section  class='av_textblock_section av-kpg0l6ys-aad974da3b3824de965813e15bb1bc6e '   itemscope=\"itemscope\" itemtype=\"https:\/\/schema.org\/CreativeWork\" ><div class='avia_textblock'  itemprop=\"text\" ><div style=\"color: #02475e\">\n<p><span style=\"font-weight: 400\">Nous avons con\u00e7u WConnecta 2021 en pla\u00e7ant la s\u00e9curit\u00e9 de tous les participants et des membres du personnel au centre de nos pr\u00e9occupations.<\/span><\/p>\n<p><span style=\"font-weight: 400\">Nous nous engageons \u00e0 mettre \u00e0 jour et \u00e0 replanifier l&#8217;\u00e9v\u00e9nement selon les sc\u00e9narios de d\u00e9sescalade en fonction de l&#8217;\u00e9volution de la pand\u00e9mie jusqu&#8217;\u00e0 ce que la situation se normalise. Nous vous informerons donc par le biais du site web de tous les changements qui pourraient survenir jusqu&#8217;\u00e0 la date de l&#8217;\u00e9v\u00e9nement.<\/span><\/p>\n<p><span style=\"font-weight: 400\">Vous pouvez consulter ici toutes les mesures de s\u00e9curit\u00e9 d\u00e9finies par le gouvernement concernant l&#8217;entr\u00e9e et la sortie des voyageurs en Espagne :<\/span><\/p>\n<p><span style=\"font-weight: 400\">\u00a0<\/span><a href=\"https:\/\/www.spth.gob.es\/\"><span style=\"font-weight: 400\">https:\/\/www.spth.gob.es\/<\/span><\/a><\/div>\n<\/div><\/section><br \/>\n\n<style type=\"text\/css\" data-created_by=\"avia_inline_auto\" id=\"style-css-av-kpg0pfea-d311f9f8c0446ca8b9a2ed3608ad5266\">\n#top .hr.hr-invisible.av-kpg0pfea-d311f9f8c0446ca8b9a2ed3608ad5266{\nheight:50px;\n}\n<\/style>\n<div  class='hr av-kpg0pfea-d311f9f8c0446ca8b9a2ed3608ad5266 hr-invisible  avia-builder-el-3  el_after_av_textblock  avia-builder-el-last '><span class='hr-inner '><span class=\"hr-inner-style\"><\/span><\/span><\/div><\/p><\/div>\n","protected":false},"excerpt":{"rendered":"","protected":false},"author":1,"featured_media":0,"parent":0,"menu_order":0,"comment_status":"closed","ping_status":"closed","template":"","meta":{"footnotes":""},"class_list":["post-2053","page","type-page","status-publish","hentry"],"yoast_head":"<!-- This site is optimized with the Yoast SEO plugin v27.2 - https:\/\/yoast.com\/product\/yoast-seo-wordpress\/ -->\n<title>WConnecta | Covid Safe<\/title>\n<meta name=\"description\" content=\"C\u2019est notre engagement en tant que professionnels de concevoir et de produire des \u00e9v\u00e9nements, des r\u00e9unions et des voyages \u00abcovid safe\u00bb bas\u00e9s sur les points suivants\" \/>\n<meta name=\"robots\" content=\"index, follow, max-snippet:-1, max-image-preview:large, max-video-preview:-1\" \/>\n<link rel=\"canonical\" href=\"https:\/\/www.wconnecta.com\/fr\/covi-safe\/\" \/>\n<meta property=\"og:locale\" content=\"es_ES\" \/>\n<meta property=\"og:type\" content=\"article\" \/>\n<meta property=\"og:title\" content=\"WConnecta | Covid Safe\" \/>\n<meta property=\"og:description\" content=\"C\u2019est notre engagement en tant que professionnels de concevoir et de produire des \u00e9v\u00e9nements, des r\u00e9unions et des voyages \u00abcovid safe\u00bb bas\u00e9s sur les points suivants\" \/>\n<meta property=\"og:url\" content=\"https:\/\/www.wconnecta.com\/fr\/covi-safe\/\" \/>\n<meta property=\"og:site_name\" content=\"WConnecta FR\" \/>\n<meta property=\"article:modified_time\" content=\"2021-07-09T10:27:59+00:00\" \/>\n<meta name=\"twitter:card\" content=\"summary_large_image\" \/>\n<meta name=\"twitter:label1\" content=\"Tiempo de lectura\" \/>\n\t<meta name=\"twitter:data1\" content=\"2 minutos\" \/>\n<script type=\"application\/ld+json\" class=\"yoast-schema-graph\">{\"@context\":\"https:\/\/schema.org\",\"@graph\":[{\"@type\":\"WebPage\",\"@id\":\"https:\/\/www.wconnecta.com\/fr\/covi-safe\/\",\"url\":\"https:\/\/www.wconnecta.com\/fr\/covi-safe\/\",\"name\":\"WConnecta | Covid Safe\",\"isPartOf\":{\"@id\":\"https:\/\/www.wconnecta.com\/fr\/#website\"},\"datePublished\":\"2021-06-02T22:02:48+00:00\",\"dateModified\":\"2021-07-09T10:27:59+00:00\",\"description\":\"C\u2019est notre engagement en tant que professionnels de concevoir et de produire des \u00e9v\u00e9nements, des r\u00e9unions et des voyages \u00abcovid safe\u00bb bas\u00e9s sur les points suivants\",\"breadcrumb\":{\"@id\":\"https:\/\/www.wconnecta.com\/fr\/covi-safe\/#breadcrumb\"},\"inLanguage\":\"es\",\"potentialAction\":[{\"@type\":\"ReadAction\",\"target\":[\"https:\/\/www.wconnecta.com\/fr\/covi-safe\/\"]}]},{\"@type\":\"BreadcrumbList\",\"@id\":\"https:\/\/www.wconnecta.com\/fr\/covi-safe\/#breadcrumb\",\"itemListElement\":[{\"@type\":\"ListItem\",\"position\":1,\"name\":\"Portada\",\"item\":\"https:\/\/www.wconnecta.com\/fr\/home\/\"},{\"@type\":\"ListItem\",\"position\":2,\"name\":\"COVID Safe\"}]},{\"@type\":\"WebSite\",\"@id\":\"https:\/\/www.wconnecta.com\/fr\/#website\",\"url\":\"https:\/\/www.wconnecta.com\/fr\/\",\"name\":\"WConnecta FR\",\"description\":\"Otro sitio m\u00e1s de WConnecta SITES\",\"potentialAction\":[{\"@type\":\"SearchAction\",\"target\":{\"@type\":\"EntryPoint\",\"urlTemplate\":\"https:\/\/www.wconnecta.com\/fr\/?s={search_term_string}\"},\"query-input\":{\"@type\":\"PropertyValueSpecification\",\"valueRequired\":true,\"valueName\":\"search_term_string\"}}],\"inLanguage\":\"es\"}]}<\/script>\n<!-- \/ Yoast SEO plugin. -->","yoast_head_json":{"title":"WConnecta | Covid Safe","description":"C\u2019est notre engagement en tant que professionnels de concevoir et de produire des \u00e9v\u00e9nements, des r\u00e9unions et des voyages \u00abcovid safe\u00bb bas\u00e9s sur les points suivants","robots":{"index":"index","follow":"follow","max-snippet":"max-snippet:-1","max-image-preview":"max-image-preview:large","max-video-preview":"max-video-preview:-1"},"canonical":"https:\/\/www.wconnecta.com\/fr\/covi-safe\/","og_locale":"es_ES","og_type":"article","og_title":"WConnecta | Covid Safe","og_description":"C\u2019est notre engagement en tant que professionnels de concevoir et de produire des \u00e9v\u00e9nements, des r\u00e9unions et des voyages \u00abcovid safe\u00bb bas\u00e9s sur les points suivants","og_url":"https:\/\/www.wconnecta.com\/fr\/covi-safe\/","og_site_name":"WConnecta FR","article_modified_time":"2021-07-09T10:27:59+00:00","twitter_card":"summary_large_image","twitter_misc":{"Tiempo de lectura":"2 minutos"},"schema":{"@context":"https:\/\/schema.org","@graph":[{"@type":"WebPage","@id":"https:\/\/www.wconnecta.com\/fr\/covi-safe\/","url":"https:\/\/www.wconnecta.com\/fr\/covi-safe\/","name":"WConnecta | Covid Safe","isPartOf":{"@id":"https:\/\/www.wconnecta.com\/fr\/#website"},"datePublished":"2021-06-02T22:02:48+00:00","dateModified":"2021-07-09T10:27:59+00:00","description":"C\u2019est notre engagement en tant que professionnels de concevoir et de produire des \u00e9v\u00e9nements, des r\u00e9unions et des voyages \u00abcovid safe\u00bb bas\u00e9s sur les points suivants","breadcrumb":{"@id":"https:\/\/www.wconnecta.com\/fr\/covi-safe\/#breadcrumb"},"inLanguage":"es","potentialAction":[{"@type":"ReadAction","target":["https:\/\/www.wconnecta.com\/fr\/covi-safe\/"]}]},{"@type":"BreadcrumbList","@id":"https:\/\/www.wconnecta.com\/fr\/covi-safe\/#breadcrumb","itemListElement":[{"@type":"ListItem","position":1,"name":"Portada","item":"https:\/\/www.wconnecta.com\/fr\/home\/"},{"@type":"ListItem","position":2,"name":"COVID Safe"}]},{"@type":"WebSite","@id":"https:\/\/www.wconnecta.com\/fr\/#website","url":"https:\/\/www.wconnecta.com\/fr\/","name":"WConnecta FR","description":"Otro sitio m\u00e1s de WConnecta SITES","potentialAction":[{"@type":"SearchAction","target":{"@type":"EntryPoint","urlTemplate":"https:\/\/www.wconnecta.com\/fr\/?s={search_term_string}"},"query-input":{"@type":"PropertyValueSpecification","valueRequired":true,"valueName":"search_term_string"}}],"inLanguage":"es"}]}},"_links":{"self":[{"href":"https:\/\/www.wconnecta.com\/fr\/wp-json\/wp\/v2\/pages\/2053","targetHints":{"allow":["GET"]}}],"collection":[{"href":"https:\/\/www.wconnecta.com\/fr\/wp-json\/wp\/v2\/pages"}],"about":[{"href":"https:\/\/www.wconnecta.com\/fr\/wp-json\/wp\/v2\/types\/page"}],"author":[{"embeddable":true,"href":"https:\/\/www.wconnecta.com\/fr\/wp-json\/wp\/v2\/users\/1"}],"replies":[{"embeddable":true,"href":"https:\/\/www.wconnecta.com\/fr\/wp-json\/wp\/v2\/comments?post=2053"}],"version-history":[{"count":6,"href":"https:\/\/www.wconnecta.com\/fr\/wp-json\/wp\/v2\/pages\/2053\/revisions"}],"predecessor-version":[{"id":2180,"href":"https:\/\/www.wconnecta.com\/fr\/wp-json\/wp\/v2\/pages\/2053\/revisions\/2180"}],"wp:attachment":[{"href":"https:\/\/www.wconnecta.com\/fr\/wp-json\/wp\/v2\/media?parent=2053"}],"curies":[{"name":"wp","href":"https:\/\/api.w.org\/{rel}","templated":true}]}}