{"id":2039,"date":"2021-06-02T23:21:55","date_gmt":"2021-06-02T21:21:55","guid":{"rendered":"https:\/\/www.wconnecta.com\/fr\/?page_id=2039"},"modified":"2024-06-06T22:39:22","modified_gmt":"2024-06-06T20:39:22","slug":"alpega-group","status":"publish","type":"page","link":"https:\/\/www.wconnecta.com\/fr\/alpega-group\/","title":{"rendered":"Alpega Group"},"content":{"rendered":"<div id='av_section_1'  class='avia-section av-jthg9tb4-5c5d4e98f4d6e7484ea1b5dcd1a2fb62 main_color avia-section-default avia-no-border-styling  avia-builder-el-0  el_before_av_hr  avia-builder-el-first  avia-bg-style-scroll container_wrap sidebar_right'  ><div class='container av-section-cont-open' ><main  role=\"main\" itemprop=\"mainContentOfPage\"  class='template-page content  av-content-small alpha units'><div class='post-entry post-entry-type-page post-entry-2039'><div class='entry-content-wrapper clearfix'>\n\n<style type=\"text\/css\" data-created_by=\"avia_inline_auto\" id=\"style-css-av-jthaqtc0-8444b2ac12402aafceac744cdc34e2ce\">\n#top .hr.hr-invisible.av-jthaqtc0-8444b2ac12402aafceac744cdc34e2ce{\nheight:80px;\n}\n<\/style>\n<div  class='hr av-jthaqtc0-8444b2ac12402aafceac744cdc34e2ce hr-invisible  avia-builder-el-1  el_before_av_hr  avia-builder-el-first  av-desktop-hide av-medium-hide'><span class='hr-inner '><span class=\"hr-inner-style\"><\/span><\/span><\/div>\n\n<style type=\"text\/css\" data-created_by=\"avia_inline_auto\" id=\"style-css-av-jthaqtc0-8-29ef7ba2a4c1c29e97bdf3226e02a2b2\">\n#top .hr.hr-invisible.av-jthaqtc0-8-29ef7ba2a4c1c29e97bdf3226e02a2b2{\nheight:5px;\n}\n<\/style>\n<div  class='hr av-jthaqtc0-8-29ef7ba2a4c1c29e97bdf3226e02a2b2 hr-invisible  avia-builder-el-2  el_after_av_hr  el_before_av_one_fifth '><span class='hr-inner '><span class=\"hr-inner-style\"><\/span><\/span><\/div>\n\n<style type=\"text\/css\" data-created_by=\"avia_inline_auto\" id=\"style-css-av-2cm5i-5700b0dcdde9d605009665755c3fa9ad\">\n.flex_column.av-2cm5i-5700b0dcdde9d605009665755c3fa9ad{\nborder-radius:0px 0px 0px 0px;\npadding:0px 0px 0px 0px;\n}\n<\/style>\n<div  class='flex_column av-2cm5i-5700b0dcdde9d605009665755c3fa9ad av_one_fifth  avia-builder-el-3  el_after_av_hr  el_before_av_three_fifth  first flex_column_div av-zero-column-padding  '     ><\/div>\n<style type=\"text\/css\" data-created_by=\"avia_inline_auto\" id=\"style-css-av-2cm5i-6-17c6930b9ea12dec4464eb58fb028eea\">\n.flex_column.av-2cm5i-6-17c6930b9ea12dec4464eb58fb028eea{\nborder-radius:0px 0px 0px 0px;\npadding:0px 0px 0px 0px;\n}\n<\/style>\n<div  class='flex_column av-2cm5i-6-17c6930b9ea12dec4464eb58fb028eea av_three_fifth  avia-builder-el-4  el_after_av_one_fifth  el_before_av_one_fifth  flex_column_div av-zero-column-padding  '     ><style type=\"text\/css\" data-created_by=\"avia_inline_auto\" id=\"style-css-av-jth6a3du-b0129922649620d7fb54c6771f4c6d55\">\n#top .av_textblock_section.av-jth6a3du-b0129922649620d7fb54c6771f4c6d55 .avia_textblock{\nfont-size:15px;\n}\n<\/style>\n<section  class='av_textblock_section av-jth6a3du-b0129922649620d7fb54c6771f4c6d55 '   itemscope=\"itemscope\" itemtype=\"https:\/\/schema.org\/CreativeWork\" ><div class='avia_textblock av_inherit_color'  itemprop=\"text\" ><div style=\"width: 90%; margin: 0 auto;\">\n<p style=\"text-align: center;\"><span style=\"font-size: 50px; line-height: 60px;\">Qui est derri\u00e8re WConnecta ?<\/span><\/p>\n<\/div>\n<\/div><\/section><br \/>\n\n<style type=\"text\/css\" data-created_by=\"avia_inline_auto\" id=\"style-css-av-jthaqtc0-7-138c83cb0c55ab15fa526d7f3651096d\">\n#top .hr.hr-invisible.av-jthaqtc0-7-138c83cb0c55ab15fa526d7f3651096d{\nheight:30px;\n}\n<\/style>\n<div  class='hr av-jthaqtc0-7-138c83cb0c55ab15fa526d7f3651096d hr-invisible  avia-builder-el-6  el_after_av_textblock  el_before_av_textblock '><span class='hr-inner '><span class=\"hr-inner-style\"><\/span><\/span><\/div><br \/>\n\n<style type=\"text\/css\" data-created_by=\"avia_inline_auto\" id=\"style-css-av-jth6a3du-4-5dc8f51a1829884b11bd58d26509de68\">\n#top .av_textblock_section.av-jth6a3du-4-5dc8f51a1829884b11bd58d26509de68 .avia_textblock{\nfont-size:15px;\n}\n<\/style>\n<section  class='av_textblock_section av-jth6a3du-4-5dc8f51a1829884b11bd58d26509de68 '   itemscope=\"itemscope\" itemtype=\"https:\/\/schema.org\/CreativeWork\" ><div class='avia_textblock av_inherit_color'  itemprop=\"text\" ><div style=\"width: 90%; margin: 0 auto;\">\n<p style=\"text-align: center;\">WConnecta est une initiative d\u2019 Alpega Group, leader mondial des logiciels de logistique qui propose des solutions de gestion des syst\u00e8mes de transport et des bourses de fret qui relient les entreprises \u00e0 un vaste r\u00e9seau de prestataires logistiques, permettant ainsi la num\u00e9risation de la gestion tout au long de la supply chain.<\/p>\n<p style=\"text-align: center;\">Avec une communaut\u00e9 de plus de 200 000 utilisateurs, connect\u00e9s \u00e9lectroniquement tous les jours pour g\u00e9rer avec succ\u00e8s les processus de transport, Alpega est pr\u00e9sent dans 80 pays \u00e0 travers le monde et emploie plus de 500 personnes de nationalit\u00e9s diff\u00e9rentes.<\/p>\n<\/div>\n<\/div><\/section><br \/>\n\n<style type=\"text\/css\" data-created_by=\"avia_inline_auto\" id=\"style-css-av-jthaqtc0-3-bfef21d5a10fc2a149fc1043c688acbf\">\n#top .hr.hr-invisible.av-jthaqtc0-3-bfef21d5a10fc2a149fc1043c688acbf{\nheight:30px;\n}\n<\/style>\n<div  class='hr av-jthaqtc0-3-bfef21d5a10fc2a149fc1043c688acbf hr-invisible  avia-builder-el-8  el_after_av_textblock  avia-builder-el-last '><span class='hr-inner '><span class=\"hr-inner-style\"><\/span><\/span><\/div><\/p><\/div>\n<style type=\"text\/css\" data-created_by=\"avia_inline_auto\" id=\"style-css-av-2cm5i-5-db6b3b9decb7d6009075eb38e8ad419a\">\n.flex_column.av-2cm5i-5-db6b3b9decb7d6009075eb38e8ad419a{\nborder-radius:0px 0px 0px 0px;\npadding:0px 0px 0px 0px;\n}\n<\/style>\n<div  class='flex_column av-2cm5i-5-db6b3b9decb7d6009075eb38e8ad419a av_one_fifth  avia-builder-el-9  el_after_av_three_fifth  el_before_av_hr  flex_column_div av-zero-column-padding  '     ><\/div>\n<style type=\"text\/css\" data-created_by=\"avia_inline_auto\" id=\"style-css-av-jthaqtc0-2-8e01f98d1591bf73bdc8932a6b8ca94d\">\n#top .hr.hr-invisible.av-jthaqtc0-2-8e01f98d1591bf73bdc8932a6b8ca94d{\nheight:25px;\n}\n<\/style>\n<div  class='hr av-jthaqtc0-2-8e01f98d1591bf73bdc8932a6b8ca94d hr-invisible  avia-builder-el-10  el_after_av_one_fifth  el_before_av_one_fifth '><span class='hr-inner '><span class=\"hr-inner-style\"><\/span><\/span><\/div>\n\n<style type=\"text\/css\" data-created_by=\"avia_inline_auto\" id=\"style-css-av-5j670k-9ec9bd0e5834e0c470307fb939431974\">\n.flex_column.av-5j670k-9ec9bd0e5834e0c470307fb939431974{\nborder-radius:0px 0px 0px 0px;\npadding:0px 0px 0px 0px;\n}\n<\/style>\n<div  class='flex_column av-5j670k-9ec9bd0e5834e0c470307fb939431974 av_one_fifth  avia-builder-el-11  el_after_av_hr  el_before_av_three_fifth  first flex_column_div av-zero-column-padding  '     ><\/div>\n<style type=\"text\/css\" data-created_by=\"avia_inline_auto\" id=\"style-css-av-gf6vo-a94d42e61f18e7af38041ca83b7c1d20\">\n.flex_column.av-gf6vo-a94d42e61f18e7af38041ca83b7c1d20{\nborder-radius:0px 0px 0px 0px;\npadding:0px 0px 0px 0px;\n}\n<\/style>\n<div  class='flex_column av-gf6vo-a94d42e61f18e7af38041ca83b7c1d20 av_three_fifth  avia-builder-el-12  el_after_av_one_fifth  el_before_av_one_fifth  flex_column_div av-zero-column-padding  '     ><style type=\"text\/css\" data-created_by=\"avia_inline_auto\" id=\"style-css-av-jtivpro3-09001315c361e1a230ed9066f8e7a454\">\n.avia-image-container.av-jtivpro3-09001315c361e1a230ed9066f8e7a454 img.avia_image{\nbox-shadow:none;\n}\n.avia-image-container.av-jtivpro3-09001315c361e1a230ed9066f8e7a454 .av-image-caption-overlay-center{\ncolor:#ffffff;\n}\n<\/style>\n<div  class='avia-image-container av-jtivpro3-09001315c361e1a230ed9066f8e7a454 av-styling- avia-align-center  avia-builder-el-13  avia-builder-el-no-sibling '   itemprop=\"image\" itemscope=\"itemscope\" itemtype=\"https:\/\/schema.org\/ImageObject\" ><div class=\"avia-image-container-inner\"><div class=\"avia-image-overlay-wrap\"><img decoding=\"async\" fetchpriority=\"high\" class='wp-image-2966 avia-img-lazy-loading-not-2966 avia_image ' src=\"https:\/\/www.wconnecta.com\/fr\/wp-content\/uploads\/sites\/4\/2024\/06\/alpega-group-logos.png\" alt='' title='alpega group logos'  height=\"1771\" width=\"2073\"  itemprop=\"thumbnailUrl\" srcset=\"https:\/\/www.wconnecta.com\/fr\/wp-content\/uploads\/sites\/4\/2024\/06\/alpega-group-logos.png 2073w, https:\/\/www.wconnecta.com\/fr\/wp-content\/uploads\/sites\/4\/2024\/06\/alpega-group-logos-300x256.png 300w, https:\/\/www.wconnecta.com\/fr\/wp-content\/uploads\/sites\/4\/2024\/06\/alpega-group-logos-1030x880.png 1030w, https:\/\/www.wconnecta.com\/fr\/wp-content\/uploads\/sites\/4\/2024\/06\/alpega-group-logos-768x656.png 768w, https:\/\/www.wconnecta.com\/fr\/wp-content\/uploads\/sites\/4\/2024\/06\/alpega-group-logos-1536x1312.png 1536w, https:\/\/www.wconnecta.com\/fr\/wp-content\/uploads\/sites\/4\/2024\/06\/alpega-group-logos-2048x1750.png 2048w, https:\/\/www.wconnecta.com\/fr\/wp-content\/uploads\/sites\/4\/2024\/06\/alpega-group-logos-1500x1281.png 1500w, https:\/\/www.wconnecta.com\/fr\/wp-content\/uploads\/sites\/4\/2024\/06\/alpega-group-logos-705x602.png 705w\" sizes=\"(max-width: 2073px) 100vw, 2073px\" \/><\/div><\/div><\/div><\/div>\n<style type=\"text\/css\" data-created_by=\"avia_inline_auto\" id=\"style-css-av-22zdxw-064d5e3ee93206743088eef444eb5a6c\">\n.flex_column.av-22zdxw-064d5e3ee93206743088eef444eb5a6c{\nborder-radius:0px 0px 0px 0px;\npadding:0px 0px 0px 0px;\n}\n<\/style>\n<div  class='flex_column av-22zdxw-064d5e3ee93206743088eef444eb5a6c av_one_fifth  avia-builder-el-14  el_after_av_three_fifth  avia-builder-el-last  flex_column_div av-zero-column-padding  '     ><\/div><\/div><\/div><\/main><!-- close content main element --><\/div><\/div><div id='after_section_1'  class='main_color av_default_container_wrap container_wrap sidebar_right'  ><div class='container av-section-cont-open' ><div class='template-page content  av-content-small alpha units'><div class='post-entry post-entry-type-page post-entry-2039'><div class='entry-content-wrapper clearfix'>\n<style type=\"text\/css\" data-created_by=\"avia_inline_auto\" id=\"style-css-av-jthaqtc0-1-779573e283fa1ab07059ccd727560e9f\">\n#top .hr.hr-invisible.av-jthaqtc0-1-779573e283fa1ab07059ccd727560e9f{\nheight:25px;\n}\n<\/style>\n<div  class='hr av-jthaqtc0-1-779573e283fa1ab07059ccd727560e9f hr-invisible  avia-builder-el-15  el_after_av_section  avia-builder-el-no-sibling '><span class='hr-inner '><span class=\"hr-inner-style\"><\/span><\/span><\/div><\/p>\n","protected":false},"excerpt":{"rendered":"","protected":false},"author":1,"featured_media":0,"parent":0,"menu_order":0,"comment_status":"closed","ping_status":"closed","template":"","meta":{"footnotes":""},"class_list":["post-2039","page","type-page","status-publish","hentry"],"yoast_head":"<!-- This site is optimized with the Yoast SEO plugin v27.2 - https:\/\/yoast.com\/product\/yoast-seo-wordpress\/ -->\n<title>WConnecta | Alpega Group<\/title>\n<meta name=\"description\" content=\"WConnecta est une initiative d\u2019 Alpega Group, leader mondial des logiciels de logistique qui propose des solutions de gestion des syst\u00e8mes de transport et des bourses de fret qui relient les entreprises \u00e0 un vaste r\u00e9seau de prestataires logistiques\" \/>\n<meta name=\"robots\" content=\"index, follow, max-snippet:-1, max-image-preview:large, max-video-preview:-1\" \/>\n<link rel=\"canonical\" href=\"https:\/\/www.wconnecta.com\/fr\/alpega-group\/\" \/>\n<meta property=\"og:locale\" content=\"es_ES\" \/>\n<meta property=\"og:type\" content=\"article\" \/>\n<meta property=\"og:title\" content=\"WConnecta | Alpega Group\" \/>\n<meta property=\"og:description\" content=\"WConnecta est une initiative d\u2019 Alpega Group, leader mondial des logiciels de logistique qui propose des solutions de gestion des syst\u00e8mes de transport et des bourses de fret qui relient les entreprises \u00e0 un vaste r\u00e9seau de prestataires logistiques\" \/>\n<meta property=\"og:url\" content=\"https:\/\/www.wconnecta.com\/fr\/alpega-group\/\" \/>\n<meta property=\"og:site_name\" content=\"WConnecta FR\" \/>\n<meta property=\"article:modified_time\" content=\"2024-06-06T20:39:22+00:00\" \/>\n<meta name=\"twitter:card\" content=\"summary_large_image\" \/>\n<meta name=\"twitter:label1\" content=\"Tiempo de lectura\" \/>\n\t<meta name=\"twitter:data1\" content=\"1 minuto\" \/>\n<script type=\"application\/ld+json\" class=\"yoast-schema-graph\">{\"@context\":\"https:\/\/schema.org\",\"@graph\":[{\"@type\":\"WebPage\",\"@id\":\"https:\/\/www.wconnecta.com\/fr\/alpega-group\/\",\"url\":\"https:\/\/www.wconnecta.com\/fr\/alpega-group\/\",\"name\":\"WConnecta | Alpega Group\",\"isPartOf\":{\"@id\":\"https:\/\/www.wconnecta.com\/fr\/#website\"},\"datePublished\":\"2021-06-02T21:21:55+00:00\",\"dateModified\":\"2024-06-06T20:39:22+00:00\",\"description\":\"WConnecta est une initiative d\u2019 Alpega Group, leader mondial des logiciels de logistique qui propose des solutions de gestion des syst\u00e8mes de transport et des bourses de fret qui relient les entreprises \u00e0 un vaste r\u00e9seau de prestataires logistiques\",\"breadcrumb\":{\"@id\":\"https:\/\/www.wconnecta.com\/fr\/alpega-group\/#breadcrumb\"},\"inLanguage\":\"es\",\"potentialAction\":[{\"@type\":\"ReadAction\",\"target\":[\"https:\/\/www.wconnecta.com\/fr\/alpega-group\/\"]}]},{\"@type\":\"BreadcrumbList\",\"@id\":\"https:\/\/www.wconnecta.com\/fr\/alpega-group\/#breadcrumb\",\"itemListElement\":[{\"@type\":\"ListItem\",\"position\":1,\"name\":\"Portada\",\"item\":\"https:\/\/www.wconnecta.com\/fr\/home\/\"},{\"@type\":\"ListItem\",\"position\":2,\"name\":\"Alpega Group\"}]},{\"@type\":\"WebSite\",\"@id\":\"https:\/\/www.wconnecta.com\/fr\/#website\",\"url\":\"https:\/\/www.wconnecta.com\/fr\/\",\"name\":\"WConnecta FR\",\"description\":\"Otro sitio m\u00e1s de WConnecta SITES\",\"potentialAction\":[{\"@type\":\"SearchAction\",\"target\":{\"@type\":\"EntryPoint\",\"urlTemplate\":\"https:\/\/www.wconnecta.com\/fr\/?s={search_term_string}\"},\"query-input\":{\"@type\":\"PropertyValueSpecification\",\"valueRequired\":true,\"valueName\":\"search_term_string\"}}],\"inLanguage\":\"es\"}]}<\/script>\n<!-- \/ Yoast SEO plugin. -->","yoast_head_json":{"title":"WConnecta | Alpega Group","description":"WConnecta est une initiative d\u2019 Alpega Group, leader mondial des logiciels de logistique qui propose des solutions de gestion des syst\u00e8mes de transport et des bourses de fret qui relient les entreprises \u00e0 un vaste r\u00e9seau de prestataires logistiques","robots":{"index":"index","follow":"follow","max-snippet":"max-snippet:-1","max-image-preview":"max-image-preview:large","max-video-preview":"max-video-preview:-1"},"canonical":"https:\/\/www.wconnecta.com\/fr\/alpega-group\/","og_locale":"es_ES","og_type":"article","og_title":"WConnecta | Alpega Group","og_description":"WConnecta est une initiative d\u2019 Alpega Group, leader mondial des logiciels de logistique qui propose des solutions de gestion des syst\u00e8mes de transport et des bourses de fret qui relient les entreprises \u00e0 un vaste r\u00e9seau de prestataires logistiques","og_url":"https:\/\/www.wconnecta.com\/fr\/alpega-group\/","og_site_name":"WConnecta FR","article_modified_time":"2024-06-06T20:39:22+00:00","twitter_card":"summary_large_image","twitter_misc":{"Tiempo de lectura":"1 minuto"},"schema":{"@context":"https:\/\/schema.org","@graph":[{"@type":"WebPage","@id":"https:\/\/www.wconnecta.com\/fr\/alpega-group\/","url":"https:\/\/www.wconnecta.com\/fr\/alpega-group\/","name":"WConnecta | Alpega Group","isPartOf":{"@id":"https:\/\/www.wconnecta.com\/fr\/#website"},"datePublished":"2021-06-02T21:21:55+00:00","dateModified":"2024-06-06T20:39:22+00:00","description":"WConnecta est une initiative d\u2019 Alpega Group, leader mondial des logiciels de logistique qui propose des solutions de gestion des syst\u00e8mes de transport et des bourses de fret qui relient les entreprises \u00e0 un vaste r\u00e9seau de prestataires logistiques","breadcrumb":{"@id":"https:\/\/www.wconnecta.com\/fr\/alpega-group\/#breadcrumb"},"inLanguage":"es","potentialAction":[{"@type":"ReadAction","target":["https:\/\/www.wconnecta.com\/fr\/alpega-group\/"]}]},{"@type":"BreadcrumbList","@id":"https:\/\/www.wconnecta.com\/fr\/alpega-group\/#breadcrumb","itemListElement":[{"@type":"ListItem","position":1,"name":"Portada","item":"https:\/\/www.wconnecta.com\/fr\/home\/"},{"@type":"ListItem","position":2,"name":"Alpega Group"}]},{"@type":"WebSite","@id":"https:\/\/www.wconnecta.com\/fr\/#website","url":"https:\/\/www.wconnecta.com\/fr\/","name":"WConnecta FR","description":"Otro sitio m\u00e1s de WConnecta SITES","potentialAction":[{"@type":"SearchAction","target":{"@type":"EntryPoint","urlTemplate":"https:\/\/www.wconnecta.com\/fr\/?s={search_term_string}"},"query-input":{"@type":"PropertyValueSpecification","valueRequired":true,"valueName":"search_term_string"}}],"inLanguage":"es"}]}},"_links":{"self":[{"href":"https:\/\/www.wconnecta.com\/fr\/wp-json\/wp\/v2\/pages\/2039","targetHints":{"allow":["GET"]}}],"collection":[{"href":"https:\/\/www.wconnecta.com\/fr\/wp-json\/wp\/v2\/pages"}],"about":[{"href":"https:\/\/www.wconnecta.com\/fr\/wp-json\/wp\/v2\/types\/page"}],"author":[{"embeddable":true,"href":"https:\/\/www.wconnecta.com\/fr\/wp-json\/wp\/v2\/users\/1"}],"replies":[{"embeddable":true,"href":"https:\/\/www.wconnecta.com\/fr\/wp-json\/wp\/v2\/comments?post=2039"}],"version-history":[{"count":7,"href":"https:\/\/www.wconnecta.com\/fr\/wp-json\/wp\/v2\/pages\/2039\/revisions"}],"predecessor-version":[{"id":3101,"href":"https:\/\/www.wconnecta.com\/fr\/wp-json\/wp\/v2\/pages\/2039\/revisions\/3101"}],"wp:attachment":[{"href":"https:\/\/www.wconnecta.com\/fr\/wp-json\/wp\/v2\/media?parent=2039"}],"curies":[{"name":"wp","href":"https:\/\/api.w.org\/{rel}","templated":true}]}}