{"id":627,"date":"2019-03-26T10:29:08","date_gmt":"2019-03-26T09:29:08","guid":{"rendered":"https:\/\/www.wconnecta.com\/es\/?page_id=627"},"modified":"2023-09-08T12:02:22","modified_gmt":"2023-09-08T10:02:22","slug":"app","status":"publish","type":"page","link":"https:\/\/www.wconnecta.com\/es\/app\/","title":{"rendered":"app"},"content":{"rendered":"\n<style type=\"text\/css\" data-created_by=\"avia_inline_auto\" id=\"style-css-av-jth621j3-4d3661eca33a067f0a7f39a06ef4f8bb\">\n.avia-section.av-jth621j3-4d3661eca33a067f0a7f39a06ef4f8bb{\nbackground-color:#ffffff;\nbackground-image:url(https:\/\/www.wconnecta.com\/es\/wp-content\/uploads\/sites\/2\/2019\/03\/wconnecta.jpg);\nbackground-repeat:no-repeat;\nbackground-position:50% 50%;\nbackground-attachment:scroll;\n}\n<\/style>\n<div id='av_section_1'  class='avia-section av-jth621j3-4d3661eca33a067f0a7f39a06ef4f8bb main_color avia-section-no-padding avia-no-border-styling  avia-builder-el-0  avia-builder-el-no-sibling  avia-full-stretch avia-bg-style-scroll container_wrap sidebar_right'  data-section-bg-repeat='stretch'><div class='container av-section-cont-open' ><main  role=\"main\" itemprop=\"mainContentOfPage\"  class='template-page content  av-content-small alpha units'><div class='post-entry post-entry-type-page post-entry-627'><div class='entry-content-wrapper clearfix'>\n\n<style type=\"text\/css\" data-created_by=\"avia_inline_auto\" id=\"style-css-av-jthaqtc0-ab1c17bb9ac64d3fc68b18698c6f8c95\">\n#top .hr.hr-invisible.av-jthaqtc0-ab1c17bb9ac64d3fc68b18698c6f8c95{\nheight:100px;\n}\n<\/style>\n<div  class='hr av-jthaqtc0-ab1c17bb9ac64d3fc68b18698c6f8c95 hr-invisible'><span class='hr-inner '><span class=\"hr-inner-style\"><\/span><\/span><\/div>\n\n<style type=\"text\/css\" data-created_by=\"avia_inline_auto\" id=\"style-css-av-jtirjewa-360561e653b9e6c2cb0a368b30221d4d\">\n.flex_column.av-jtirjewa-360561e653b9e6c2cb0a368b30221d4d{\nborder-radius:0px 0px 0px 0px;\npadding:0 0 0 0;\n}\n<\/style>\n<div  class='flex_column av-jtirjewa-360561e653b9e6c2cb0a368b30221d4d av_three_fifth first flex_column_div av-zero-column-padding  '     ><style type=\"text\/css\" data-created_by=\"avia_inline_auto\" id=\"style-css-av-jtirfbv7-30e2583dddf95ab545073f7905d2e0b8\">\n#top .av_textblock_section.av-jtirfbv7-30e2583dddf95ab545073f7905d2e0b8 .avia_textblock{\nfont-size:33px;\ncolor:#ffffff;\n}\n<\/style>\n<section  class='av_textblock_section av-jtirfbv7-30e2583dddf95ab545073f7905d2e0b8 '   itemscope=\"itemscope\" itemtype=\"https:\/\/schema.org\/CreativeWork\" ><div class='avia_textblock av_inherit_color'  itemprop=\"text\" ><h2 style=\"font-size: 36px;color: white !important;line-height: 53px;background-color: #02475e;padding: 10px 20px;text-transform: none\">#WConnecta21 en la palma de tu mano<\/h2>\n<\/div><\/section><\/div>\n<style type=\"text\/css\" data-created_by=\"avia_inline_auto\" id=\"style-css-av-jthaqtc0-059b8e282521650a56fd3136c698b942\">\n#top .hr.hr-invisible.av-jthaqtc0-059b8e282521650a56fd3136c698b942{\nheight:20px;\n}\n<\/style>\n<div  class='hr av-jthaqtc0-059b8e282521650a56fd3136c698b942 hr-invisible'><span class='hr-inner '><span class=\"hr-inner-style\"><\/span><\/span><\/div>\n\n<style type=\"text\/css\" data-created_by=\"avia_inline_auto\" id=\"style-css-av-kei8p-4f668c5c2bf6f8d079d55bd3174f10bb\">\n.flex_column.av-kei8p-4f668c5c2bf6f8d079d55bd3174f10bb{\nborder-radius:0px 0px 0px 0px;\npadding:0px 0px 0px 0px;\nbackground-color:#ffffff;\n}\n<\/style>\n<div  class='flex_column av-kei8p-4f668c5c2bf6f8d079d55bd3174f10bb av_two_third first flex_column_div av-zero-column-padding  '     ><style type=\"text\/css\" data-created_by=\"avia_inline_auto\" id=\"style-css-av-jth6a3du-eec8b1d02a80b7b0d850fe9f3c908aea\">\n#top .av_textblock_section.av-jth6a3du-eec8b1d02a80b7b0d850fe9f3c908aea .avia_textblock{\nfont-size:15px;\ncolor:#282d35;\n}\n<\/style>\n<section  class='av_textblock_section av-jth6a3du-eec8b1d02a80b7b0d850fe9f3c908aea '   itemscope=\"itemscope\" itemtype=\"https:\/\/schema.org\/CreativeWork\" ><div class='avia_textblock av_inherit_color'  itemprop=\"text\" ><div style=\"margin: 0 auto;background-color: white;padding: 10px 20px;color: #02475e\">\n<p>Desc\u00e1rgate nuestra APP y mejora tu experiencia como asistente: interact\u00faa con los dem\u00e1s participantes y exprime todas las oportunidades del networking antes, durante y despu\u00e9s del evento.<\/p>\n<\/div>\n<\/div><\/section><\/div>\n<style type=\"text\/css\" data-created_by=\"avia_inline_auto\" id=\"style-css-av-jthaqtc0-943a2f5601e599fe6dfb8355a8dd760c\">\n#top .hr.hr-invisible.av-jthaqtc0-943a2f5601e599fe6dfb8355a8dd760c{\nheight:150px;\n}\n<\/style>\n<div  class='hr av-jthaqtc0-943a2f5601e599fe6dfb8355a8dd760c hr-invisible'><span class='hr-inner '><span class=\"hr-inner-style\"><\/span><\/span><\/div>\n<\/div><\/div><\/main><!-- close content main element --><\/div><\/div><div id='after_section_1'  class='main_color av_default_container_wrap container_wrap sidebar_right'  ><div class='container av-section-cont-open' ><div class='template-page content  av-content-small alpha units'><div class='post-entry post-entry-type-page post-entry-627'><div class='entry-content-wrapper clearfix'><\/div><\/div><\/div><!-- close content main div --><\/div><\/div><div id='av_section_2'  class='avia-section av-jthf98f1-4b0e9bb0356cab635d3c10415fb7a3b3 main_color avia-section-default avia-no-border-styling avia-bg-style-scroll container_wrap sidebar_right'  ><div class='container av-section-cont-open' ><div class='template-page content  av-content-small alpha units'><div class='post-entry post-entry-type-page post-entry-627'><div class='entry-content-wrapper clearfix'>\n\n<style type=\"text\/css\" data-created_by=\"avia_inline_auto\" id=\"style-css-av-av_heading-ce6f0ee90ac5d0d823b3767ca5833981\">\n#top .av-special-heading.av-av_heading-ce6f0ee90ac5d0d823b3767ca5833981{\npadding-bottom:10px;\n}\nbody .av-special-heading.av-av_heading-ce6f0ee90ac5d0d823b3767ca5833981 .av-special-heading-tag .heading-char{\nfont-size:25px;\n}\n.av-special-heading.av-av_heading-ce6f0ee90ac5d0d823b3767ca5833981 .av-subheading{\nfont-size:15px;\n}\n<\/style>\n<div  class='av-special-heading av-av_heading-ce6f0ee90ac5d0d823b3767ca5833981 av-special-heading-h3 blockquote modern-quote modern-centered'><h3 class='av-special-heading-tag '  itemprop=\"headline\"  >APP de WConnecta <span style=\"color:#ff0054\">\u2581<\/span><\/h3><div class=\"special-heading-border\"><div class=\"special-heading-inner-border\"><\/div><\/div><\/div>\n\n<style type=\"text\/css\" data-created_by=\"avia_inline_auto\" id=\"style-css-av-jthaqtc0-222670e6a3069354e60fca81f7e9cc89\">\n#top .hr.hr-invisible.av-jthaqtc0-222670e6a3069354e60fca81f7e9cc89{\nheight:80px;\n}\n<\/style>\n<div  class='hr av-jthaqtc0-222670e6a3069354e60fca81f7e9cc89 hr-invisible'><span class='hr-inner '><span class=\"hr-inner-style\"><\/span><\/span><\/div>\n\n<style type=\"text\/css\" data-created_by=\"avia_inline_auto\" id=\"style-css-av-2cm5i-8fb35618e1645c4f3d75fc28e64679a2\">\n.flex_column.av-2cm5i-8fb35618e1645c4f3d75fc28e64679a2{\nborder-radius:0px 0px 0px 0px;\npadding:0px 0px 0px 0px;\nbackground-color:#ffffff;\n}\n<\/style>\n<div  class='flex_column av-2cm5i-8fb35618e1645c4f3d75fc28e64679a2 av_one_half first flex_column_div av-zero-column-padding  '     ><style type=\"text\/css\" data-created_by=\"avia_inline_auto\" id=\"style-css-av-jth6a3du-eec8b1d02a80b7b0d850fe9f3c908aea\">\n#top .av_textblock_section.av-jth6a3du-eec8b1d02a80b7b0d850fe9f3c908aea .avia_textblock{\nfont-size:15px;\ncolor:#282d35;\n}\n<\/style>\n<section  class='av_textblock_section av-jth6a3du-eec8b1d02a80b7b0d850fe9f3c908aea '   itemscope=\"itemscope\" itemtype=\"https:\/\/schema.org\/CreativeWork\" ><div class='avia_textblock av_inherit_color'  itemprop=\"text\" ><div style=\"width: 90%;margin: 0 auto\">\n\n<style type=\"text\/css\" data-created_by=\"avia_inline_auto\" id=\"style-css-av-16vs3n-1e6483b0eceb7a2913295d0bf43ec822\">\n.av_font_icon.av-16vs3n-1e6483b0eceb7a2913295d0bf43ec822{\ncolor:#ff0054;\nborder-color:#ff0054;\n}\n.avia-svg-icon.av-16vs3n-1e6483b0eceb7a2913295d0bf43ec822 svg:first-child{\nstroke:#ff0054;\nfill:#ff0054;\n}\n.av_font_icon.av-16vs3n-1e6483b0eceb7a2913295d0bf43ec822 .av-icon-char{\nfont-size:20px;\nline-height:20px;\n}\n<\/style>\n<span  class='av_font_icon av-16vs3n-1e6483b0eceb7a2913295d0bf43ec822 avia_animate_when_visible av-icon-style- avia-icon-pos-left avia-iconfont avia-font-entypo-fontello avia-icon-animate'><span class='av-icon-char' data-av_icon='\ue812' data-av_iconfont='entypo-fontello' aria-hidden=\"true\" ><\/span><\/span><\/p>\n<p>Informaci\u00f3n sobre el evento<\/p>\n<p>\n<style type=\"text\/css\" data-created_by=\"avia_inline_auto\" id=\"style-css-av-3n9sj-2aaa981eee8b59fc7a7db1234100e12f\">\n.av_font_icon.av-3n9sj-2aaa981eee8b59fc7a7db1234100e12f{\ncolor:#ff0054;\nborder-color:#ff0054;\n}\n.avia-svg-icon.av-3n9sj-2aaa981eee8b59fc7a7db1234100e12f svg:first-child{\nstroke:#ff0054;\nfill:#ff0054;\n}\n.av_font_icon.av-3n9sj-2aaa981eee8b59fc7a7db1234100e12f .av-icon-char{\nfont-size:20px;\nline-height:20px;\n}\n<\/style>\n<span  class='av_font_icon av-3n9sj-2aaa981eee8b59fc7a7db1234100e12f avia_animate_when_visible av-icon-style- avia-icon-pos-left avia-iconfont avia-font-entypo-fontello avia-icon-animate'><span class='av-icon-char' data-av_icon='\ue812' data-av_iconfont='entypo-fontello' aria-hidden=\"true\" ><\/span><\/span>Acreditaci\u00f3n digital<\/p>\n<p>\n<style type=\"text\/css\" data-created_by=\"avia_inline_auto\" id=\"style-css-av-ypr83-0608c7c610f5807f23b8c2771195e4ea\">\n.av_font_icon.av-ypr83-0608c7c610f5807f23b8c2771195e4ea{\ncolor:#ff0054;\nborder-color:#ff0054;\n}\n.avia-svg-icon.av-ypr83-0608c7c610f5807f23b8c2771195e4ea svg:first-child{\nstroke:#ff0054;\nfill:#ff0054;\n}\n.av_font_icon.av-ypr83-0608c7c610f5807f23b8c2771195e4ea .av-icon-char{\nfont-size:20px;\nline-height:20px;\n}\n<\/style>\n<span  class='av_font_icon av-ypr83-0608c7c610f5807f23b8c2771195e4ea avia_animate_when_visible av-icon-style- avia-icon-pos-left avia-iconfont avia-font-entypo-fontello avia-icon-animate'><span class='av-icon-char' data-av_icon='\ue812' data-av_iconfont='entypo-fontello' aria-hidden=\"true\" ><\/span><\/span>Planificaci\u00f3n de entrevistas Cargo Area<\/p>\n<p>\n<style type=\"text\/css\" data-created_by=\"avia_inline_auto\" id=\"style-css-av-r0k23-b20c1607086fb65b2e60d291103d260c\">\n.av_font_icon.av-r0k23-b20c1607086fb65b2e60d291103d260c{\ncolor:#ff0054;\nborder-color:#ff0054;\n}\n.avia-svg-icon.av-r0k23-b20c1607086fb65b2e60d291103d260c svg:first-child{\nstroke:#ff0054;\nfill:#ff0054;\n}\n.av_font_icon.av-r0k23-b20c1607086fb65b2e60d291103d260c .av-icon-char{\nfont-size:20px;\nline-height:20px;\n}\n<\/style>\n<span  class='av_font_icon av-r0k23-b20c1607086fb65b2e60d291103d260c avia_animate_when_visible av-icon-style- avia-icon-pos-left avia-iconfont avia-font-entypo-fontello avia-icon-animate'><span class='av-icon-char' data-av_icon='\ue812' data-av_iconfont='entypo-fontello' aria-hidden=\"true\" ><\/span><\/span>Agenda de speeds networking<\/p>\n<p>\n<style type=\"text\/css\" data-created_by=\"avia_inline_auto\" id=\"style-css-av-izs83-877077672f0b883781e9bad3d7cda923\">\n.av_font_icon.av-izs83-877077672f0b883781e9bad3d7cda923{\ncolor:#ff0054;\nborder-color:#ff0054;\n}\n.avia-svg-icon.av-izs83-877077672f0b883781e9bad3d7cda923 svg:first-child{\nstroke:#ff0054;\nfill:#ff0054;\n}\n.av_font_icon.av-izs83-877077672f0b883781e9bad3d7cda923 .av-icon-char{\nfont-size:20px;\nline-height:20px;\n}\n<\/style>\n<span  class='av_font_icon av-izs83-877077672f0b883781e9bad3d7cda923 avia_animate_when_visible av-icon-style- avia-icon-pos-left avia-iconfont avia-font-entypo-fontello avia-icon-animate'><span class='av-icon-char' data-av_icon='\ue812' data-av_iconfont='entypo-fontello' aria-hidden=\"true\" ><\/span><\/span>Listado de expositores y ofertas exclusiva<\/p>\n<p>\n<style type=\"text\/css\" data-created_by=\"avia_inline_auto\" id=\"style-css-av-ezcdn-f6377d52dd647896a3dec5207fe126f0\">\n.av_font_icon.av-ezcdn-f6377d52dd647896a3dec5207fe126f0{\ncolor:#ff0054;\nborder-color:#ff0054;\n}\n.avia-svg-icon.av-ezcdn-f6377d52dd647896a3dec5207fe126f0 svg:first-child{\nstroke:#ff0054;\nfill:#ff0054;\n}\n.av_font_icon.av-ezcdn-f6377d52dd647896a3dec5207fe126f0 .av-icon-char{\nfont-size:20px;\nline-height:20px;\n}\n<\/style>\n<span  class='av_font_icon av-ezcdn-f6377d52dd647896a3dec5207fe126f0 avia_animate_when_visible av-icon-style- avia-icon-pos-left avia-iconfont avia-font-entypo-fontello avia-icon-animate'><span class='av-icon-char' data-av_icon='\ue812' data-av_iconfont='entypo-fontello' aria-hidden=\"true\" ><\/span><\/span>Visualizaci\u00f3n del listado de asistente<\/p>\n<p>\n<style type=\"text\/css\" data-created_by=\"avia_inline_auto\" id=\"style-css-av-85jm3-0154a529291bd948908d8816fa594e17\">\n.av_font_icon.av-85jm3-0154a529291bd948908d8816fa594e17{\ncolor:#ff0054;\nborder-color:#ff0054;\n}\n.avia-svg-icon.av-85jm3-0154a529291bd948908d8816fa594e17 svg:first-child{\nstroke:#ff0054;\nfill:#ff0054;\n}\n.av_font_icon.av-85jm3-0154a529291bd948908d8816fa594e17 .av-icon-char{\nfont-size:20px;\nline-height:20px;\n}\n<\/style>\n<span  class='av_font_icon av-85jm3-0154a529291bd948908d8816fa594e17 avia_animate_when_visible av-icon-style- avia-icon-pos-left avia-iconfont avia-font-entypo-fontello avia-icon-animate'><span class='av-icon-char' data-av_icon='\ue812' data-av_iconfont='entypo-fontello' aria-hidden=\"true\" ><\/span><\/span>Chat con los dem\u00e1s asistentes<\/p>\n<\/div>\n<\/div><\/section><br \/>\n\n<style type=\"text\/css\" data-created_by=\"avia_inline_auto\" id=\"style-css-av-jthaqtc0-37c9ae38f0b8000aa233ce358d2f03d2\">\n#top .hr.hr-invisible.av-jthaqtc0-37c9ae38f0b8000aa233ce358d2f03d2{\nheight:30px;\n}\n<\/style>\n<div  class='hr av-jthaqtc0-37c9ae38f0b8000aa233ce358d2f03d2 hr-invisible'><span class='hr-inner '><span class=\"hr-inner-style\"><\/span><\/span><\/div><br \/>\n\n<style type=\"text\/css\" data-created_by=\"avia_inline_auto\" id=\"style-css-av-jth6a3du-692dca00b9660baaf2425023578bc310\">\n#top .av_textblock_section.av-jth6a3du-692dca00b9660baaf2425023578bc310 .avia_textblock{\nfont-size:15px;\ncolor:#02475e;\n}\n<\/style>\n<section  class='av_textblock_section av-jth6a3du-692dca00b9660baaf2425023578bc310 '   itemscope=\"itemscope\" itemtype=\"https:\/\/schema.org\/CreativeWork\" ><div class='avia_textblock av_inherit_color'  itemprop=\"text\" ><div style=\"width: 90%;margin: 0 auto\">\n<h4 style=\"text-align: left;font-weight:bold\">PR\u00d3XIMAMENTE<\/h4>\n<\/div>\n<\/div><\/section><\/p><\/div>\n<style type=\"text\/css\" data-created_by=\"avia_inline_auto\" id=\"style-css-av-y1pe-0e138fe6d7083995ad97e7bd4ec96091\">\n.flex_column.av-y1pe-0e138fe6d7083995ad97e7bd4ec96091{\nborder-radius:0px 0px 0px 0px;\npadding:0px 0px 0px 0px;\nbackground-color:#ffffff;\n}\n<\/style>\n<div  class='flex_column av-y1pe-0e138fe6d7083995ad97e7bd4ec96091 av_one_half flex_column_div av-zero-column-padding  '     ><style type=\"text\/css\" data-created_by=\"avia_inline_auto\" id=\"style-css-av-k0cbp46n-fa0971843c323ae8ca6fd4c8260816ac\">\n.avia-image-container.av-k0cbp46n-fa0971843c323ae8ca6fd4c8260816ac img.avia_image{\nbox-shadow:none;\n}\n.avia-image-container.av-k0cbp46n-fa0971843c323ae8ca6fd4c8260816ac .av-image-caption-overlay-center{\ncolor:#ffffff;\n}\n<\/style>\n<div  class='avia-image-container av-k0cbp46n-fa0971843c323ae8ca6fd4c8260816ac av-styling- avia-align-center'   itemprop=\"image\" itemscope=\"itemscope\" itemtype=\"https:\/\/schema.org\/ImageObject\" ><div class=\"avia-image-container-inner\"><div class=\"avia-image-overlay-wrap\"><img decoding=\"async\" fetchpriority=\"high\" class='wp-image-2650 avia-img-lazy-loading-not-2650 avia_image ' src=\"https:\/\/www.wconnecta.com\/es\/wp-content\/uploads\/sites\/2\/2021\/05\/app_recurso_movil.png\" alt='' title='app_recurso_movil'  height=\"632\" width=\"380\"  itemprop=\"thumbnailUrl\" srcset=\"https:\/\/www.wconnecta.com\/es\/wp-content\/uploads\/sites\/2\/2021\/05\/app_recurso_movil.png 380w, https:\/\/www.wconnecta.com\/es\/wp-content\/uploads\/sites\/2\/2021\/05\/app_recurso_movil-180x300.png 180w\" sizes=\"(max-width: 380px) 100vw, 380px\" \/><\/div><\/div><\/div><\/div>\n<style type=\"text\/css\" data-created_by=\"avia_inline_auto\" id=\"style-css-av-jthaqtc0-7552fc72987c1d0ae112dac116dcded0\">\n#top .hr.hr-invisible.av-jthaqtc0-7552fc72987c1d0ae112dac116dcded0{\nheight:50px;\n}\n<\/style>\n<div  class='hr av-jthaqtc0-7552fc72987c1d0ae112dac116dcded0 hr-invisible'><span class='hr-inner '><span class=\"hr-inner-style\"><\/span><\/span><\/div>\n<\/div><\/div><\/div><!-- close content main div --><\/div><\/div><div id='after_section_2'  class='main_color av_default_container_wrap container_wrap sidebar_right'  ><div class='container av-section-cont-open' ><div class='template-page content  av-content-small alpha units'><div class='post-entry post-entry-type-page post-entry-627'><div class='entry-content-wrapper clearfix'><\/p>\n","protected":false},"excerpt":{"rendered":"","protected":false},"author":2,"featured_media":0,"parent":0,"menu_order":0,"comment_status":"closed","ping_status":"closed","template":"","meta":{"footnotes":""},"class_list":["post-627","page","type-page","status-publish","hentry"],"yoast_head":"<!-- This site is optimized with the Yoast SEO plugin v27.2 - https:\/\/yoast.com\/product\/yoast-seo-wordpress\/ -->\n<title>WConnecta | APP WConnecta<\/title>\n<meta name=\"description\" content=\"Desc\u00e1rgate nuestra APP y mejora tu experiencia como asistente: interact\u00faa con los dem\u00e1s participantes y exprime todas las oportunidades del networking.\" \/>\n<meta name=\"robots\" content=\"index, nofollow, max-snippet:-1, max-image-preview:large, max-video-preview:-1\" \/>\n<link rel=\"canonical\" href=\"https:\/\/www.wconnecta.com\/es\/app\/\" \/>\n<meta property=\"og:locale\" content=\"es_ES\" \/>\n<meta property=\"og:type\" content=\"article\" \/>\n<meta property=\"og:title\" content=\"WConnecta | APP WConnecta\" \/>\n<meta property=\"og:description\" content=\"Desc\u00e1rgate nuestra APP y mejora tu experiencia como asistente: interact\u00faa con los dem\u00e1s participantes y exprime todas las oportunidades del networking.\" \/>\n<meta property=\"og:url\" content=\"https:\/\/www.wconnecta.com\/es\/app\/\" \/>\n<meta property=\"og:site_name\" content=\"WConnecta ES\" \/>\n<meta property=\"article:modified_time\" content=\"2023-09-08T10:02:22+00:00\" \/>\n<meta name=\"twitter:card\" content=\"summary_large_image\" \/>\n<meta name=\"twitter:label1\" content=\"Tiempo de lectura\" \/>\n\t<meta name=\"twitter:data1\" content=\"8 minutos\" \/>\n<script type=\"application\/ld+json\" class=\"yoast-schema-graph\">{\"@context\":\"https:\/\/schema.org\",\"@graph\":[{\"@type\":\"WebPage\",\"@id\":\"https:\/\/www.wconnecta.com\/es\/app\/\",\"url\":\"https:\/\/www.wconnecta.com\/es\/app\/\",\"name\":\"WConnecta | APP WConnecta\",\"isPartOf\":{\"@id\":\"https:\/\/www.wconnecta.com\/es\/#website\"},\"datePublished\":\"2019-03-26T09:29:08+00:00\",\"dateModified\":\"2023-09-08T10:02:22+00:00\",\"description\":\"Desc\u00e1rgate nuestra APP y mejora tu experiencia como asistente: interact\u00faa con los dem\u00e1s participantes y exprime todas las oportunidades del networking.\",\"breadcrumb\":{\"@id\":\"https:\/\/www.wconnecta.com\/es\/app\/#breadcrumb\"},\"inLanguage\":\"es\",\"potentialAction\":[{\"@type\":\"ReadAction\",\"target\":[\"https:\/\/www.wconnecta.com\/es\/app\/\"]}]},{\"@type\":\"BreadcrumbList\",\"@id\":\"https:\/\/www.wconnecta.com\/es\/app\/#breadcrumb\",\"itemListElement\":[{\"@type\":\"ListItem\",\"position\":1,\"name\":\"Home\",\"item\":\"https:\/\/www.wconnecta.com\/es\/inicio\/\"},{\"@type\":\"ListItem\",\"position\":2,\"name\":\"app\"}]},{\"@type\":\"WebSite\",\"@id\":\"https:\/\/www.wconnecta.com\/es\/#website\",\"url\":\"https:\/\/www.wconnecta.com\/es\/\",\"name\":\"WConnecta ES\",\"description\":\"Otro sitio m\u00e1s de WConnecta SITES\",\"potentialAction\":[{\"@type\":\"SearchAction\",\"target\":{\"@type\":\"EntryPoint\",\"urlTemplate\":\"https:\/\/www.wconnecta.com\/es\/?s={search_term_string}\"},\"query-input\":{\"@type\":\"PropertyValueSpecification\",\"valueRequired\":true,\"valueName\":\"search_term_string\"}}],\"inLanguage\":\"es\"}]}<\/script>\n<!-- \/ Yoast SEO plugin. -->","yoast_head_json":{"title":"WConnecta | APP WConnecta","description":"Desc\u00e1rgate nuestra APP y mejora tu experiencia como asistente: interact\u00faa con los dem\u00e1s participantes y exprime todas las oportunidades del networking.","robots":{"index":"index","follow":"nofollow","max-snippet":"max-snippet:-1","max-image-preview":"max-image-preview:large","max-video-preview":"max-video-preview:-1"},"canonical":"https:\/\/www.wconnecta.com\/es\/app\/","og_locale":"es_ES","og_type":"article","og_title":"WConnecta | APP WConnecta","og_description":"Desc\u00e1rgate nuestra APP y mejora tu experiencia como asistente: interact\u00faa con los dem\u00e1s participantes y exprime todas las oportunidades del networking.","og_url":"https:\/\/www.wconnecta.com\/es\/app\/","og_site_name":"WConnecta ES","article_modified_time":"2023-09-08T10:02:22+00:00","twitter_card":"summary_large_image","twitter_misc":{"Tiempo de lectura":"8 minutos"},"schema":{"@context":"https:\/\/schema.org","@graph":[{"@type":"WebPage","@id":"https:\/\/www.wconnecta.com\/es\/app\/","url":"https:\/\/www.wconnecta.com\/es\/app\/","name":"WConnecta | APP WConnecta","isPartOf":{"@id":"https:\/\/www.wconnecta.com\/es\/#website"},"datePublished":"2019-03-26T09:29:08+00:00","dateModified":"2023-09-08T10:02:22+00:00","description":"Desc\u00e1rgate nuestra APP y mejora tu experiencia como asistente: interact\u00faa con los dem\u00e1s participantes y exprime todas las oportunidades del networking.","breadcrumb":{"@id":"https:\/\/www.wconnecta.com\/es\/app\/#breadcrumb"},"inLanguage":"es","potentialAction":[{"@type":"ReadAction","target":["https:\/\/www.wconnecta.com\/es\/app\/"]}]},{"@type":"BreadcrumbList","@id":"https:\/\/www.wconnecta.com\/es\/app\/#breadcrumb","itemListElement":[{"@type":"ListItem","position":1,"name":"Home","item":"https:\/\/www.wconnecta.com\/es\/inicio\/"},{"@type":"ListItem","position":2,"name":"app"}]},{"@type":"WebSite","@id":"https:\/\/www.wconnecta.com\/es\/#website","url":"https:\/\/www.wconnecta.com\/es\/","name":"WConnecta ES","description":"Otro sitio m\u00e1s de WConnecta SITES","potentialAction":[{"@type":"SearchAction","target":{"@type":"EntryPoint","urlTemplate":"https:\/\/www.wconnecta.com\/es\/?s={search_term_string}"},"query-input":{"@type":"PropertyValueSpecification","valueRequired":true,"valueName":"search_term_string"}}],"inLanguage":"es"}]}},"_links":{"self":[{"href":"https:\/\/www.wconnecta.com\/es\/wp-json\/wp\/v2\/pages\/627","targetHints":{"allow":["GET"]}}],"collection":[{"href":"https:\/\/www.wconnecta.com\/es\/wp-json\/wp\/v2\/pages"}],"about":[{"href":"https:\/\/www.wconnecta.com\/es\/wp-json\/wp\/v2\/types\/page"}],"author":[{"embeddable":true,"href":"https:\/\/www.wconnecta.com\/es\/wp-json\/wp\/v2\/users\/2"}],"replies":[{"embeddable":true,"href":"https:\/\/www.wconnecta.com\/es\/wp-json\/wp\/v2\/comments?post=627"}],"version-history":[{"count":32,"href":"https:\/\/www.wconnecta.com\/es\/wp-json\/wp\/v2\/pages\/627\/revisions"}],"predecessor-version":[{"id":2654,"href":"https:\/\/www.wconnecta.com\/es\/wp-json\/wp\/v2\/pages\/627\/revisions\/2654"}],"wp:attachment":[{"href":"https:\/\/www.wconnecta.com\/es\/wp-json\/wp\/v2\/media?parent=627"}],"curies":[{"name":"wp","href":"https:\/\/api.w.org\/{rel}","templated":true}]}}